{"id":15,"date":"2019-03-01T08:35:34","date_gmt":"2019-03-01T08:35:34","guid":{"rendered":"http:\/\/failomat.de\/?page_id=15"},"modified":"2019-03-01T10:15:31","modified_gmt":"2019-03-01T10:15:31","slug":"geschichte","status":"publish","type":"page","link":"https:\/\/av-peine.de\/?page_id=15","title":{"rendered":"Geschichte"},"content":{"rendered":"\n<table class=\"wp-block-table\"><tbody><tr><td>Der <strong>Angler-Verein-Peine e.V.<\/strong>\u00a0wurde am\u00a0<strong>16.11.1927<\/strong>\u00a0in Peine, in der Gastst\u00e4tte &#8222;Klause&#8220; durch folgende 15 Peiner B\u00fcrger gegr\u00fcndet:<br>Senator O. Schulz, W. Br\u00fcggeboes, E. Marwede, G. Horn, W.. Schurkemeyer, F. Kiworra, H. Polsdorf, P. Schmidt, G. Sonnenberg, E. D\u00fcrkopp, K. Munzel, W. Weihsmann, H. Reimers, F. Kunze u. Sp\u00f6tter.Der erste Vorstand setzte sich aus dem Gr\u00fcnderkreis zusammen:<br>1. Vorsitzender E. Marwede<br>weiterhin die Sportfreunde Br\u00fcggeboes, Schurkemeyer, Horn, Schulz, Schmidt und Weihsmann.Im Januar\u00a0<strong>1928<\/strong>\u00a0wurde von dem Wasser- und Schifffahrtsamt die Mittellandkanalstrecke von Km 188,5 bis 205,5 (auch die heutige Pachtstrecke) zu einer Jahrespacht von 77,00 RM gepachtet.<br>Der Vereinsbeitrag betrug 10,00 RM, bei viertelj\u00e4hrlicher Zahlungsweise. Die Eintrittsgeb\u00fchr belief sich auf 25,00 RM.Am\u00a0<strong>27.03.1928<\/strong>\u00a0wurden erstmalig 12 Vereinsmitglieder zu Fischereiaufsehern mit &#8222;Hilfspolizeigewalt&#8220; bestellt.Bis zum\u00a0<strong>25.02.1933\u00a0<\/strong>hatte sich der Mitgliederbestand auf 63 Sportfreunde erh\u00f6ht.Ab\u00a0<strong>1935<\/strong>\u00a0Jahresbeitrag 15,00 RM und Aufnahmegeb\u00fchr 10,00 RM.Am\u00a0<strong>12.12.1938<\/strong>\u00a0erfolgte die Pachtung der so genannten &#8222;Tonkuhle&#8220; in H\u00e4melerwald, zu einem Jahrespachtzins von 150,00 RM.Ab\u00a0<strong>1940<\/strong>\u00a0betrug der Jahresbeitrag 18,00 RM.Am\u00a0<strong>11.02.1946<\/strong>\u00a0verlangte die \u00f6rtliche Milit\u00e4rregierung, dass sich der Verein neu konstituieren m\u00fcsse. Unter dem 1. Vorsitzenden, Spf. Heuer, fanden sich 46, gr\u00f6\u00dftenteils ehemalige Mitglieder, zum neuen AVP zusammen. Zu dieser Zeit betrug das Vereinskapital 2.133,46 RM.<strong>1947<\/strong>\u00a0sollten Berufsfischer dem Mittellandkanal gewerblich nutzen. Das Ern\u00e4hrungs- und Landwirtschaftsministerium Hannover wollte aus Gr\u00fcnden der Ern\u00e4hrungsnotlage die \u00c4nderung durchsetzen. Weil der AV Peine e.V. taktisch klug reagierte, indem er bei durchgef\u00fchrten Netzfischen die F\u00e4nge dem Krankenhaus und anderen Institutionen kostenlos \u00fcberlie\u00df, konnte die beabsichtigte ministerielle Ma\u00dfnahme abgewendet werden, so dass die Kanalstrecke beim Verein verblieb.<br>Die Mitgliederzahl stieg auf 234 Sportfreunde <br><br><br><\/td><\/tr><\/tbody><\/table>\n\n\n\n<ul class=\"wp-block-gallery columns-2 is-cropped wp-block-gallery-1 is-layout-flex wp-block-gallery-is-layout-flex\"><li class=\"blocks-gallery-item\"><figure><img loading=\"lazy\" decoding=\"async\" width=\"368\" height=\"255\" src=\"http:\/\/failomat.de\/wp-content\/uploads\/2019\/03\/Abfischen-1-1.jpg\" alt=\"\" data-id=\"59\" data-link=\"http:\/\/failomat.de\/?attachment_id=59\" class=\"wp-image-59\" srcset=\"https:\/\/av-peine.de\/wp-content\/uploads\/2019\/03\/Abfischen-1-1.jpg 368w, https:\/\/av-peine.de\/wp-content\/uploads\/2019\/03\/Abfischen-1-1-300x208.jpg 300w\" sizes=\"auto, (max-width: 368px) 100vw, 368px\" \/><\/figure><\/li><li class=\"blocks-gallery-item\"><figure><img loading=\"lazy\" decoding=\"async\" width=\"361\" height=\"256\" src=\"http:\/\/failomat.de\/wp-content\/uploads\/2019\/03\/Abfischen-3-1.jpg\" alt=\"\" data-id=\"60\" data-link=\"http:\/\/failomat.de\/?attachment_id=60\" class=\"wp-image-60\" srcset=\"https:\/\/av-peine.de\/wp-content\/uploads\/2019\/03\/Abfischen-3-1.jpg 361w, https:\/\/av-peine.de\/wp-content\/uploads\/2019\/03\/Abfischen-3-1-300x213.jpg 300w\" sizes=\"auto, (max-width: 361px) 100vw, 361px\" \/><\/figure><\/li><\/ul>\n\n\n\n<p>\n\nBei der W\u00e4hrungsreform im August <strong>1948&nbsp;<\/strong>betrug das Vereinskapital 6.154,00 RM. Nach der Umstellung 1.046,00 DM.Zur Bewertung von Verfehlungen wurde am&nbsp;<strong>03.02.1951<\/strong>&nbsp;der erste &#8222;Ehrenrat&#8220; im Verein bestellt.<strong>1953<\/strong>&nbsp;wurde der Jahresbeitrag auf 24,00 DM festgelegt.<strong>1958<\/strong>&nbsp;wurde das Anglerheim an der Tonkuhle in H\u00e4melerwald errichtet.Die erstmalige Fuhsepachtung erfolgt am&nbsp;<strong>10.10.1962<\/strong>&nbsp;von der Stadt Peine. Nach mehrmaligen Pachtzeitverl\u00e4ngerungen -jeweils f\u00fcr 12 Jahre- besteht die Pachtdauer z. Zt. bis zum Jahr 2002.Ab dem&nbsp;<strong>01.01.1963<\/strong>&nbsp;war der AV Peine e.V. Mitglied in der &#8222;Interessengemeinschaft Mittellandkanal&#8220; (IGM). Die finanziellen Abgaben an die IGM betrugen j\u00e4hrlich 620,00 DM, plus Kanalpacht 224,00 DM.<strong>1963&nbsp;<\/strong>wurde der Jahresbeitrag auf 48,00 DM und die Aufnahmegeb\u00fchr auf 50,00 DM festgelegt.Am&nbsp;<strong>01.01.1965<\/strong>&nbsp;war es dem Vorstand m\u00f6glich, den &#8222;Seuten See&#8220; zu einem Kaufpreis von 9.000,00 DM zu erwerben. Dazu war eine private Anleihe von 5.000,00 DM von einem Vereinsmitglied notwendig.<strong>1966&nbsp;<\/strong>wurde der Jahresbeitrag auf 60,00 DM festgelegt.Am&nbsp;<strong>11.02.1968<\/strong>&nbsp;wurde erstmalig ein 5-st\u00fcndiger Pflichtarbeitsdienst beschlossen. Im Verlauf der vergangenen Jahre wurde die Arbeitsdienstzeit mehrmals ge\u00e4ndert. Zeitweise betrug sie sogar 20 Stunden.Im September<strong>&nbsp;1971<\/strong>&nbsp;beschloss die Vereinsvollversammlung den Austritt aus der IGM, weil die IGM den endg\u00fcltigen Verzicht auf unsere eingebrachte Kanalstrecke verlangte, falls sich die IGM aufl\u00f6sen sollte.Das Anglerheim am Seutensee wurde im zweiten Halbjahr&nbsp;<strong>1973<\/strong>&nbsp;durch sehr intensiven Arbeitseinsatz vieler Mitglieder erstellt. Heute w\u00e4re der Bau nicht mehr m\u00f6glich, weil sich das Gel\u00e4nde im &#8222;Landschaftsschutzgebiet&#8220; befindet.<strong>1973<\/strong>&nbsp;wurde das Anglerheim im H\u00e4melerwald zum Preis von 2.000,00 DM an den Gastwirt Weigel verkauft.Wegen der BAB-Verbreiterung musste er AV Peine e.V. 1976 entlang der BAB einen Gel\u00e4ndestreifen an die BAB-Verwaltung verkaufen.<strong>1978<\/strong>&nbsp;wurde der Jahresbeitrag auf 90,00 DM festgelegt.<strong>1981<\/strong>&nbsp;wurde der Jahresbeitrag auf 120,00 DM festgelegt.Zum&nbsp;<strong>31.12.1982<\/strong>&nbsp;wurde der bestehende Pachtvertrag der Tonkuhle H\u00e4melerwald gek\u00fcndigt, weil die eingetretenen Zust\u00e4nde (Campingplatz) ein geruhsames Angeln nicht mehr erm\u00f6glichten.<strong>1983<\/strong>&nbsp;wurde das Anglerheim am Seuten See an das Stromnetz angeschlossen.Durch intensive Ma\u00dfnahmen verhinderte der Vereinsvorstand in den Jahren&nbsp;<strong>1987<\/strong>&nbsp;und&nbsp;<strong>1988<\/strong>&nbsp;den Bau einer biologischen Kl\u00e4ranlage f\u00fcr die Gemeinde Eixe in den niedrig gelegenen Wiesen, westlich des Seuten See. Der Bau h\u00e4tte den Wasserstand im Seuten See um mehr als einen Meter absinken lassen.Ende&nbsp;<strong>1993&nbsp;<\/strong>bis Anfang&nbsp;<strong>1994<\/strong>&nbsp;wurde das Anglerheim am Seuten See an die Frischwasserleitung und an das Abwassernetz, bei intensiver Selbstbeteiligung angeschlossen, so dass f\u00fcr die Zukunft einwandfreies Trinkwasser zur Verf\u00fcgung steht und die Abw\u00e4sser umweltfreundlich entsorgt werden k\u00f6nnen. Hinsichtlich des Anschlusses an das Abwassernetz waren beh\u00f6rdliche Auflagen der Grund dieser Bauma\u00dfnahme.\n\n<\/p>\n","protected":false},"excerpt":{"rendered":"<p>Der Angler-Verein-Peine e.V.\u00a0wurde am\u00a016.11.1927\u00a0in Peine, in der Gastst\u00e4tte &#8222;Klause&#8220; durch folgende 15 Peiner B\u00fcrger gegr\u00fcndet:Senator O. Schulz, W. Br\u00fcggeboes, E. Marwede, G. Horn, W.. Schurkemeyer, F. Kiworra, H. Polsdorf, P. Schmidt, G. Sonnenberg, E. D\u00fcrkopp, K. Munzel, W. Weihsmann, H. Reimers, F. Kunze u. Sp\u00f6tter.Der erste Vorstand setzte sich aus dem Gr\u00fcnderkreis zusammen:1. Vorsitzender E. [&hellip;]<\/p>\n","protected":false},"author":1,"featured_media":50,"parent":0,"menu_order":0,"comment_status":"closed","ping_status":"closed","template":"","meta":{"_bbp_topic_count":0,"_bbp_reply_count":0,"_bbp_total_topic_count":0,"_bbp_total_reply_count":0,"_bbp_voice_count":0,"_bbp_anonymous_reply_count":0,"_bbp_topic_count_hidden":0,"_bbp_reply_count_hidden":0,"_bbp_forum_subforum_count":0,"footnotes":""},"class_list":["post-15","page","type-page","status-publish","has-post-thumbnail","hentry"],"_links":{"self":[{"href":"https:\/\/av-peine.de\/index.php?rest_route=\/wp\/v2\/pages\/15","targetHints":{"allow":["GET"]}}],"collection":[{"href":"https:\/\/av-peine.de\/index.php?rest_route=\/wp\/v2\/pages"}],"about":[{"href":"https:\/\/av-peine.de\/index.php?rest_route=\/wp\/v2\/types\/page"}],"author":[{"embeddable":true,"href":"https:\/\/av-peine.de\/index.php?rest_route=\/wp\/v2\/users\/1"}],"replies":[{"embeddable":true,"href":"https:\/\/av-peine.de\/index.php?rest_route=%2Fwp%2Fv2%2Fcomments&post=15"}],"version-history":[{"count":3,"href":"https:\/\/av-peine.de\/index.php?rest_route=\/wp\/v2\/pages\/15\/revisions"}],"predecessor-version":[{"id":61,"href":"https:\/\/av-peine.de\/index.php?rest_route=\/wp\/v2\/pages\/15\/revisions\/61"}],"wp:featuredmedia":[{"embeddable":true,"href":"https:\/\/av-peine.de\/index.php?rest_route=\/wp\/v2\/media\/50"}],"wp:attachment":[{"href":"https:\/\/av-peine.de\/index.php?rest_route=%2Fwp%2Fv2%2Fmedia&parent=15"}],"curies":[{"name":"wp","href":"https:\/\/api.w.org\/{rel}","templated":true}]}}