{"id":40,"date":"2019-03-01T08:53:28","date_gmt":"2019-03-01T08:53:28","guid":{"rendered":"http:\/\/failomat.de\/?page_id=40"},"modified":"2019-03-01T10:20:22","modified_gmt":"2019-03-01T10:20:22","slug":"mittellandkanal","status":"publish","type":"page","link":"https:\/\/av-peine.de\/?page_id=40","title":{"rendered":"Mittellandkanal"},"content":{"rendered":"\n<p>Der AV-Peine e.V. hat den Mittellandkanal von Km 188,500 bis Km 202,500 gepachtet.<br>Auf der Strecke des Mittellandkanal befindet sich die Berkumer Bucht, welches fr\u00fcher eine Verladestelle f\u00fcr Eisenerz gewesen ist. Dieses ist eine\u00a0 willkommene Unterbrechung in der Uferbeschaffenheit des MLK. Hier finden sich Laich- und Ruhepl\u00e4tze f\u00fcr die verschiedensten Fischarten.<br>Die\u00a0 Hauptfische im MLK sind: Zander, Aal und Karpfen. Weiterhin gibt es fast alle Arten von Weissfischen, bis hin zu kapitalen Gr\u00f6ssen.<br>F\u00fcr den MLK werden j\u00e4hrlich Gastkarten ausgegeben. <\/p>\n","protected":false},"excerpt":{"rendered":"<p>Der AV-Peine e.V. hat den Mittellandkanal von Km 188,500 bis Km 202,500 gepachtet.Auf der Strecke des Mittellandkanal befindet sich die Berkumer Bucht, welches fr\u00fcher eine Verladestelle f\u00fcr Eisenerz gewesen ist. Dieses ist eine\u00a0 willkommene Unterbrechung in der Uferbeschaffenheit des MLK. Hier finden sich Laich- und Ruhepl\u00e4tze f\u00fcr die verschiedensten Fischarten.Die\u00a0 Hauptfische im MLK sind: Zander, [&hellip;]<\/p>\n","protected":false},"author":1,"featured_media":66,"parent":0,"menu_order":0,"comment_status":"closed","ping_status":"closed","template":"","meta":{"_bbp_topic_count":0,"_bbp_reply_count":0,"_bbp_total_topic_count":0,"_bbp_total_reply_count":0,"_bbp_voice_count":0,"_bbp_anonymous_reply_count":0,"_bbp_topic_count_hidden":0,"_bbp_reply_count_hidden":0,"_bbp_forum_subforum_count":0,"footnotes":""},"class_list":["post-40","page","type-page","status-publish","has-post-thumbnail","hentry"],"_links":{"self":[{"href":"https:\/\/av-peine.de\/index.php?rest_route=\/wp\/v2\/pages\/40","targetHints":{"allow":["GET"]}}],"collection":[{"href":"https:\/\/av-peine.de\/index.php?rest_route=\/wp\/v2\/pages"}],"about":[{"href":"https:\/\/av-peine.de\/index.php?rest_route=\/wp\/v2\/types\/page"}],"author":[{"embeddable":true,"href":"https:\/\/av-peine.de\/index.php?rest_route=\/wp\/v2\/users\/1"}],"replies":[{"embeddable":true,"href":"https:\/\/av-peine.de\/index.php?rest_route=%2Fwp%2Fv2%2Fcomments&post=40"}],"version-history":[{"count":2,"href":"https:\/\/av-peine.de\/index.php?rest_route=\/wp\/v2\/pages\/40\/revisions"}],"predecessor-version":[{"id":67,"href":"https:\/\/av-peine.de\/index.php?rest_route=\/wp\/v2\/pages\/40\/revisions\/67"}],"wp:featuredmedia":[{"embeddable":true,"href":"https:\/\/av-peine.de\/index.php?rest_route=\/wp\/v2\/media\/66"}],"wp:attachment":[{"href":"https:\/\/av-peine.de\/index.php?rest_route=%2Fwp%2Fv2%2Fmedia&parent=40"}],"curies":[{"name":"wp","href":"https:\/\/api.w.org\/{rel}","templated":true}]}}